{"id":1286,"date":"2019-11-22T12:56:05","date_gmt":"2019-11-22T12:56:05","guid":{"rendered":"http:\/\/activosfijos.net\/?page_id=1286"},"modified":"2020-09-29T11:08:55","modified_gmt":"2020-09-29T11:08:55","slug":"mercado-libre-rfid","status":"publish","type":"page","link":"https:\/\/activosfijos.net\/en\/mercado-libre-rfid\/","title":{"rendered":"MercadoLibre"},"content":{"rendered":"<div data-elementor-type=\"wp-post\" data-elementor-id=\"1286\" class=\"elementor elementor-1286\" data-elementor-settings=\"[]\">\n\t\t\t\t\t\t<div class=\"elementor-inner\">\n\t\t\t\t\t\t\t<div class=\"elementor-section-wrap\">\n\t\t\t\t\t\t\t<section class=\"elementor-section elementor-top-section elementor-element elementor-element-4a256b85 elementor-section-boxed elementor-section-height-default elementor-section-height-default\" data-id=\"4a256b85\" data-element_type=\"section\">\n\t\t\t\t\t\t<div class=\"elementor-container elementor-column-gap-default\">\n\t\t\t\t\t\t\t<div class=\"elementor-row\">\n\t\t\t\t\t<div class=\"elementor-column elementor-col-100 elementor-top-column elementor-element elementor-element-6f805e96\" data-id=\"6f805e96\" data-element_type=\"column\">\n\t\t\t<div class=\"elementor-column-wrap elementor-element-populated\">\n\t\t\t\t\t\t\t<div class=\"elementor-widget-wrap\">\n\t\t\t\t\t\t<div class=\"elementor-element elementor-element-10ee6936 elementor-widget elementor-widget-text-editor\" data-id=\"10ee6936\" data-element_type=\"widget\" data-widget_type=\"text-editor.default\">\n\t\t\t\t<div class=\"elementor-widget-container\">\n\t\t\t\t\t<div class=\"elementor-text-editor elementor-clearfix\"><!--?php putRevSlider(\"home\") ?--><\/div>\n\t\t\t\t<\/div>\n\t\t\t\t<\/div>\n\t\t\t\t\t\t<\/div>\n\t\t\t\t\t<\/div>\n\t\t<\/div>\n\t\t\t\t\t\t\t\t<\/div>\n\t\t\t\t\t<\/div>\n\t\t<\/section>\n\t\t\t\t<section class=\"elementor-section elementor-top-section elementor-element elementor-element-10cccee9 elementor-section-content-middle elementor-section-boxed elementor-section-height-default elementor-section-height-default\" data-id=\"10cccee9\" data-element_type=\"section\">\n\t\t\t\t\t\t<div class=\"elementor-container elementor-column-gap-default\">\n\t\t\t\t\t\t\t<div class=\"elementor-row\">\n\t\t\t\t\t<div class=\"elementor-column elementor-col-50 elementor-top-column elementor-element elementor-element-4fea27ce\" data-id=\"4fea27ce\" data-element_type=\"column\">\n\t\t\t<div class=\"elementor-column-wrap elementor-element-populated\">\n\t\t\t\t\t\t\t<div class=\"elementor-widget-wrap\">\n\t\t\t\t\t\t<div class=\"elementor-element elementor-element-5ca38223 elementor-widget elementor-widget-heading\" data-id=\"5ca38223\" data-element_type=\"widget\" data-widget_type=\"heading.default\">\n\t\t\t\t<div class=\"elementor-widget-container\">\n\t\t\t<h1 class=\"elementor-heading-title elementor-size-default\">Mercado Libre<\/h1>\t\t<\/div>\n\t\t\t\t<\/div>\n\t\t\t\t<div class=\"elementor-element elementor-element-7a23de37 elementor-widget elementor-widget-text-editor\" data-id=\"7a23de37\" data-element_type=\"widget\" data-widget_type=\"text-editor.default\">\n\t\t\t\t<div class=\"elementor-widget-container\">\n\t\t\t\t\t<div class=\"elementor-text-editor elementor-clearfix\"><p>MercadoLibre, is an Argentine company dedicated to online purchases, sales, payments, and auctions. It has operations in Argentina, Brazil, Chile, Colombia, Costa Rica, Ecuador, Mexico, Panama, Peru, Portugal, Dominican Republic, Uruguay, and Venezuela, and more than 1,000 employees.<\/p><p><strong>Objectives\u00a0<\/strong>To carry out effective control of all the assets that the company owns whether desks, laptops, chairs, phones, among others, to be able to verify their status and location.<\/p><p>\u00a0<\/p><p><strong>Features of the implementation\u00a0<\/strong>A survey of the reception place, meeting rooms, dining room, and kitchen, workspaces was carried out and each tag with RFID technology was installed on each asset. Then inventories were made with portable equipment in a fast and effective way.<\/p><p>\u00a0<\/p><p><strong>Benefits<\/strong><\/p><p>Time and resource savings<\/p><p>Reduction of inventory taking errors<\/p><p>Updated inventory information<\/p><p>Alarms about missing assets<\/p><\/div>\n\t\t\t\t<\/div>\n\t\t\t\t<\/div>\n\t\t\t\t<div class=\"elementor-element elementor-element-14d78a20 elementor-align-left elementor-widget elementor-widget-button\" data-id=\"14d78a20\" data-element_type=\"widget\" data-widget_type=\"button.default\">\n\t\t\t\t<div class=\"elementor-widget-container\">\n\t\t\t\t\t<div class=\"elementor-button-wrapper\">\n\t\t\t<a href=\"https:\/\/activosfijos.net\/en\/contacto\/\" class=\"elementor-button-link elementor-button elementor-size-md\" role=\"button\">\n\t\t\t\t\t\t<span class=\"elementor-button-content-wrapper\">\n\t\t\t\t\t\t<span class=\"elementor-button-icon elementor-align-icon-right\">\n\t\t\t\t\t\t\t<\/span>\n\t\t\t\t\t\t<span class=\"elementor-button-text\">Request a Demo<\/span>\n\t\t<\/span>\n\t\t\t\t\t<\/a>\n\t\t<\/div>\n\t\t\t\t<\/div>\n\t\t\t\t<\/div>\n\t\t\t\t<div class=\"elementor-element elementor-element-f82bae6 elementor-align-left elementor-widget elementor-widget-button\" data-id=\"f82bae6\" data-element_type=\"widget\" data-widget_type=\"button.default\">\n\t\t\t\t<div class=\"elementor-widget-container\">\n\t\t\t\t\t<div class=\"elementor-button-wrapper\">\n\t\t\t<a href=\"https:\/\/activosfijos.net\/en\/casos-de-exito\/\" class=\"elementor-button-link elementor-button elementor-size-md\" role=\"button\">\n\t\t\t\t\t\t<span class=\"elementor-button-content-wrapper\">\n\t\t\t\t\t\t<span class=\"elementor-button-icon elementor-align-icon-right\">\n\t\t\t\t<i aria-hidden=\"true\" class=\"fas fa-arrow-left\"><\/i>\t\t\t<\/span>\n\t\t\t\t\t\t<span class=\"elementor-button-text\">BACK<\/span>\n\t\t<\/span>\n\t\t\t\t\t<\/a>\n\t\t<\/div>\n\t\t\t\t<\/div>\n\t\t\t\t<\/div>\n\t\t\t\t\t\t<\/div>\n\t\t\t\t\t<\/div>\n\t\t<\/div>\n\t\t\t\t<div class=\"elementor-column elementor-col-50 elementor-top-column elementor-element elementor-element-26ddf72f\" data-id=\"26ddf72f\" data-element_type=\"column\">\n\t\t\t<div class=\"elementor-column-wrap elementor-element-populated\">\n\t\t\t\t\t\t\t<div class=\"elementor-widget-wrap\">\n\t\t\t\t\t\t<div class=\"elementor-element elementor-element-8051fb1 elementor-arrows-position-inside elementor-pagination-position-outside elementor-widget elementor-widget-image-carousel\" data-id=\"8051fb1\" data-element_type=\"widget\" data-settings=\"{&quot;slides_to_show&quot;:&quot;1&quot;,&quot;navigation&quot;:&quot;both&quot;,&quot;autoplay&quot;:&quot;yes&quot;,&quot;pause_on_hover&quot;:&quot;yes&quot;,&quot;pause_on_interaction&quot;:&quot;yes&quot;,&quot;autoplay_speed&quot;:5000,&quot;infinite&quot;:&quot;yes&quot;,&quot;effect&quot;:&quot;slide&quot;,&quot;speed&quot;:500}\" data-widget_type=\"image-carousel.default\">\n\t\t\t\t<div class=\"elementor-widget-container\">\n\t\t\t\t\t<div class=\"elementor-image-carousel-wrapper swiper-container\" dir=\"ltr\">\n\t\t\t<div class=\"elementor-image-carousel swiper-wrapper swiper-image-stretch\">\n\t\t\t\t<div class=\"swiper-slide\"><figure class=\"swiper-slide-inner\"><img class=\"swiper-slide-image\" src=\"https:\/\/activosfijos.net\/wp-content\/uploads\/2019\/11\/MercadoLibre11.jpg\" alt=\"MercadoLibre11\" \/><\/figure><\/div><div class=\"swiper-slide\"><figure class=\"swiper-slide-inner\"><img class=\"swiper-slide-image\" src=\"https:\/\/activosfijos.net\/wp-content\/uploads\/2019\/11\/MercadoLibre03.jpg\" alt=\"MercadoLibre03\" \/><\/figure><\/div><div class=\"swiper-slide\"><figure class=\"swiper-slide-inner\"><img class=\"swiper-slide-image\" src=\"https:\/\/activosfijos.net\/wp-content\/uploads\/2019\/11\/MercadoLibre04.jpg\" alt=\"MercadoLibre04\" \/><\/figure><\/div><div class=\"swiper-slide\"><figure class=\"swiper-slide-inner\"><img class=\"swiper-slide-image\" src=\"https:\/\/activosfijos.net\/wp-content\/uploads\/2019\/11\/MercadoLibre10.jpg\" alt=\"MercadoLibre10\" \/><\/figure><\/div><div class=\"swiper-slide\"><figure class=\"swiper-slide-inner\"><img class=\"swiper-slide-image\" src=\"https:\/\/activosfijos.net\/wp-content\/uploads\/2019\/11\/MercadoLibre05.jpg\" alt=\"MercadoLibre05\" \/><\/figure><\/div><div class=\"swiper-slide\"><figure class=\"swiper-slide-inner\"><img class=\"swiper-slide-image\" src=\"https:\/\/activosfijos.net\/wp-content\/uploads\/2019\/11\/MercadoLibre07.jpg\" alt=\"MercadoLibre07\" \/><\/figure><\/div><div class=\"swiper-slide\"><figure class=\"swiper-slide-inner\"><img class=\"swiper-slide-image\" src=\"https:\/\/activosfijos.net\/wp-content\/uploads\/2019\/11\/MercadoLibre12.jpg\" alt=\"MercadoLibre12\" \/><\/figure><\/div><div class=\"swiper-slide\"><figure class=\"swiper-slide-inner\"><img class=\"swiper-slide-image\" src=\"https:\/\/activosfijos.net\/wp-content\/uploads\/2019\/11\/MercadoLibre08.jpg\" alt=\"MercadoLibre08\" \/><\/figure><\/div><div class=\"swiper-slide\"><figure class=\"swiper-slide-inner\"><img class=\"swiper-slide-image\" src=\"https:\/\/activosfijos.net\/wp-content\/uploads\/2019\/11\/MercadoLibre.jpg\" alt=\"MercadoLibre\" \/><\/figure><\/div><div class=\"swiper-slide\"><figure class=\"swiper-slide-inner\"><img class=\"swiper-slide-image\" src=\"https:\/\/activosfijos.net\/wp-content\/uploads\/2019\/11\/MercadoLibre09.jpg\" alt=\"MercadoLibre09\" \/><\/figure><\/div><div class=\"swiper-slide\"><figure class=\"swiper-slide-inner\"><img class=\"swiper-slide-image\" src=\"https:\/\/activosfijos.net\/wp-content\/uploads\/2019\/11\/MercadoLibre13.jpg\" alt=\"MercadoLibre13\" \/><\/figure><\/div><div class=\"swiper-slide\"><figure class=\"swiper-slide-inner\"><img class=\"swiper-slide-image\" src=\"https:\/\/activosfijos.net\/wp-content\/uploads\/2019\/11\/MercadoLibre06.jpg\" alt=\"MercadoLibre06\" \/><\/figure><\/div>\t\t\t<\/div>\n\t\t\t\t\t\t\t\t\t\t\t\t<div class=\"swiper-pagination\"><\/div>\n\t\t\t\t\t\t\t\t\t\t\t\t\t<div class=\"elementor-swiper-button elementor-swiper-button-prev\">\n\t\t\t\t\t\t<i class=\"eicon-chevron-left\" aria-hidden=\"true\"><\/i>\n\t\t\t\t\t\t<span class=\"elementor-screen-only\">Previous<\/span>\n\t\t\t\t\t<\/div>\n\t\t\t\t\t<div class=\"elementor-swiper-button elementor-swiper-button-next\">\n\t\t\t\t\t\t<i class=\"eicon-chevron-right\" aria-hidden=\"true\"><\/i>\n\t\t\t\t\t\t<span class=\"elementor-screen-only\">Next<\/span>\n\t\t\t\t\t<\/div>\n\t\t\t\t\t\t\t\t\t<\/div>\n\t\t\t\t<\/div>\n\t\t\t\t<\/div>\n\t\t\t\t\t\t<\/div>\n\t\t\t\t\t<\/div>\n\t\t<\/div>\n\t\t\t\t\t\t\t\t<\/div>\n\t\t\t\t\t<\/div>\n\t\t<\/section>\n\t\t\t\t\t\t<\/div>\n\t\t\t\t\t\t<\/div>\n\t\t\t\t\t<\/div>","protected":false},"excerpt":{"rendered":"<p>Mercado Libre MercadoLibre, es una empresa argentina dedicada a las compras, ventas, pagos y subastas por Internet. Cuenta con operaciones en Argentina, Brasil, Chile, Colombia, Costa Rica, Ecuador, M\u00e9xico, Panam\u00e1, Per\u00fa, Portugal, Rep\u00fablica Dominicana, Uruguay y Venezuela y m\u00e1s de 1.000 empleados. Objetivos\u00a0Realizar un control efectivo de todos los activos que posee la empresa ya<br \/><a href=\"https:\/\/activosfijos.net\/en\/mercado-libre-rfid\/\" class=\"more\">Read more<\/a><\/p>","protected":false},"author":1,"featured_media":0,"parent":0,"menu_order":0,"comment_status":"closed","ping_status":"closed","template":"","meta":[],"_links":{"self":[{"href":"https:\/\/activosfijos.net\/en\/wp-json\/wp\/v2\/pages\/1286"}],"collection":[{"href":"https:\/\/activosfijos.net\/en\/wp-json\/wp\/v2\/pages"}],"about":[{"href":"https:\/\/activosfijos.net\/en\/wp-json\/wp\/v2\/types\/page"}],"author":[{"embeddable":true,"href":"https:\/\/activosfijos.net\/en\/wp-json\/wp\/v2\/users\/1"}],"replies":[{"embeddable":true,"href":"https:\/\/activosfijos.net\/en\/wp-json\/wp\/v2\/comments?post=1286"}],"version-history":[{"count":9,"href":"https:\/\/activosfijos.net\/en\/wp-json\/wp\/v2\/pages\/1286\/revisions"}],"predecessor-version":[{"id":1429,"href":"https:\/\/activosfijos.net\/en\/wp-json\/wp\/v2\/pages\/1286\/revisions\/1429"}],"wp:attachment":[{"href":"https:\/\/activosfijos.net\/en\/wp-json\/wp\/v2\/media?parent=1286"}],"curies":[{"name":"wp","href":"https:\/\/api.w.org\/{rel}","templated":true}]}}