{"id":1287,"date":"2019-11-22T12:56:15","date_gmt":"2019-11-22T12:56:15","guid":{"rendered":"http:\/\/activosfijos.net\/?page_id=1287"},"modified":"2020-02-10T12:50:10","modified_gmt":"2020-02-10T12:50:10","slug":"claro-telefonia-rfid","status":"publish","type":"page","link":"https:\/\/activosfijos.net\/en\/claro-telefonia-rfid\/","title":{"rendered":"Claro"},"content":{"rendered":"<div data-elementor-type=\"wp-post\" data-elementor-id=\"1287\" class=\"elementor elementor-1287\" data-elementor-settings=\"[]\">\n\t\t\t\t\t\t<div class=\"elementor-inner\">\n\t\t\t\t\t\t\t<div class=\"elementor-section-wrap\">\n\t\t\t\t\t\t\t<section class=\"elementor-section elementor-top-section elementor-element elementor-element-4a256b85 elementor-section-boxed elementor-section-height-default elementor-section-height-default\" data-id=\"4a256b85\" data-element_type=\"section\">\n\t\t\t\t\t\t<div class=\"elementor-container elementor-column-gap-default\">\n\t\t\t\t\t\t\t<div class=\"elementor-row\">\n\t\t\t\t\t<div class=\"elementor-column elementor-col-100 elementor-top-column elementor-element elementor-element-6f805e96\" data-id=\"6f805e96\" data-element_type=\"column\">\n\t\t\t<div class=\"elementor-column-wrap elementor-element-populated\">\n\t\t\t\t\t\t\t<div class=\"elementor-widget-wrap\">\n\t\t\t\t\t\t<div class=\"elementor-element elementor-element-10ee6936 elementor-widget elementor-widget-text-editor\" data-id=\"10ee6936\" data-element_type=\"widget\" data-widget_type=\"text-editor.default\">\n\t\t\t\t<div class=\"elementor-widget-container\">\n\t\t\t\t\t<div class=\"elementor-text-editor elementor-clearfix\"><!--?php putRevSlider(\"home\") ?--><\/div>\n\t\t\t\t<\/div>\n\t\t\t\t<\/div>\n\t\t\t\t\t\t<\/div>\n\t\t\t\t\t<\/div>\n\t\t<\/div>\n\t\t\t\t\t\t\t\t<\/div>\n\t\t\t\t\t<\/div>\n\t\t<\/section>\n\t\t\t\t<section class=\"elementor-section elementor-top-section elementor-element elementor-element-10cccee9 elementor-section-content-middle elementor-section-boxed elementor-section-height-default elementor-section-height-default\" data-id=\"10cccee9\" data-element_type=\"section\">\n\t\t\t\t\t\t<div class=\"elementor-container elementor-column-gap-default\">\n\t\t\t\t\t\t\t<div class=\"elementor-row\">\n\t\t\t\t\t<div class=\"elementor-column elementor-col-50 elementor-top-column elementor-element elementor-element-4fea27ce\" data-id=\"4fea27ce\" data-element_type=\"column\">\n\t\t\t<div class=\"elementor-column-wrap elementor-element-populated\">\n\t\t\t\t\t\t\t<div class=\"elementor-widget-wrap\">\n\t\t\t\t\t\t<div class=\"elementor-element elementor-element-5ca38223 elementor-widget elementor-widget-heading\" data-id=\"5ca38223\" data-element_type=\"widget\" data-widget_type=\"heading.default\">\n\t\t\t\t<div class=\"elementor-widget-container\">\n\t\t\t<h1 class=\"elementor-heading-title elementor-size-default\">Claro<\/h1>\t\t<\/div>\n\t\t\t\t<\/div>\n\t\t\t\t<div class=\"elementor-element elementor-element-7a23de37 elementor-widget elementor-widget-text-editor\" data-id=\"7a23de37\" data-element_type=\"widget\" data-widget_type=\"text-editor.default\">\n\t\t\t\t<div class=\"elementor-widget-container\">\n\t\t\t\t\t<div class=\"elementor-text-editor elementor-clearfix\"><p class=\"content\" style=\"background: white; margin: 15.0pt 0cm 15.0pt 0cm;\"><strong><span style=\"font-size: 10.0pt; font-family: 'Open Sans',sans-serif; color: #666666;\">CLARO<\/span><\/strong><span style=\"font-size: 10.0pt; font-family: 'Open Sans',sans-serif; color: #666666;\">\u00a0is a 100% subsidiary communications company of Am\u00e9rica M\u00f3vil, S. A. B. de C.V., the leading wireless service provider in Latin America with operations in 18 countries in the Americas. Am\u00e9rica M\u00f3vil operates under the Claro brand in 15 countries: Argentina, Brazil, Chile, Peru, Puerto Rico, Dominican Republic, Ecuador, El Salvador, Jamaica, Guatemala, Nicaragua, Panama, Paraguay, Uruguay, and Honduras. Also, belonging to Am\u00e9rica M\u00f3vil; Tracfone brands in the United States, Comcel in Colombia, and Telcel in Mexico. In Argentina, they have the widest and most extensive network of 3G technology in the entire national territory and has the largest market share. To control, organize, and locate the different types of fixed assets that it has in its headquarters, the mobile phone company CLARO selected us as suppliers of the fixed asset control solution based on\u00a0<strong><span style=\"font-family: 'Open Sans',sans-serif;\">RFID technology<\/span><\/strong>\u00a0The technological combination of mobile data capture and automatic identification allows solving the problem that the company presented by wanting to inventory and\u00a0<strong><span style=\"font-family: 'Open Sans',sans-serif;\">control a large number of assets<\/span><\/strong>\u00a0assigned to offices distributed on different floors of the company's central building.\u00a0<strong><span style=\"font-family: 'Open Sans',sans-serif;\">The Fixed Assets control system<\/span><\/strong>\u00a0can carry out detailed and accurate inventories of all the fixed assets of each of the areas to be controlled entered into the system in a fast and effective way. The identification of the assets is done with tags that have a\u00a0<strong><span style=\"font-family: 'Open Sans',sans-serif;\">barcode\u00a0<\/span><\/strong>and an\u00a0<strong><span style=\"font-family: 'Open Sans',sans-serif;\">integrated RFID Tag<\/span><\/strong>, allowing the capture of the data wirelessly using Motorola RFID terminals. The complex and tedious task that once occupied several employees, today is performed by\u00a0<strong><span style=\"font-family: 'Open Sans',sans-serif;\">a single person<\/span><\/strong>\u00a0assigned to control the assets, generating discrepancy reports from the survey between the previous and the current inventory and easily sharing the information from the\u00a0<strong><span style=\"font-family: 'Open Sans',sans-serif;\">export of reports\u00a0<\/span><\/strong>to the auditors.<\/span><\/p><\/div>\n\t\t\t\t<\/div>\n\t\t\t\t<\/div>\n\t\t\t\t<div class=\"elementor-element elementor-element-14d78a20 elementor-align-left elementor-widget elementor-widget-button\" data-id=\"14d78a20\" data-element_type=\"widget\" data-widget_type=\"button.default\">\n\t\t\t\t<div class=\"elementor-widget-container\">\n\t\t\t\t\t<div class=\"elementor-button-wrapper\">\n\t\t\t<a href=\"https:\/\/activosfijos.net\/en\/contacto\/\" class=\"elementor-button-link elementor-button elementor-size-md\" role=\"button\">\n\t\t\t\t\t\t<span class=\"elementor-button-content-wrapper\">\n\t\t\t\t\t\t<span class=\"elementor-button-icon elementor-align-icon-right\">\n\t\t\t\t\t\t\t<\/span>\n\t\t\t\t\t\t<span class=\"elementor-button-text\">Request a Demo<\/span>\n\t\t<\/span>\n\t\t\t\t\t<\/a>\n\t\t<\/div>\n\t\t\t\t<\/div>\n\t\t\t\t<\/div>\n\t\t\t\t<div class=\"elementor-element elementor-element-852fade elementor-align-left elementor-widget elementor-widget-button\" data-id=\"852fade\" data-element_type=\"widget\" data-widget_type=\"button.default\">\n\t\t\t\t<div class=\"elementor-widget-container\">\n\t\t\t\t\t<div class=\"elementor-button-wrapper\">\n\t\t\t<a href=\"https:\/\/activosfijos.net\/en\/casos-de-exito\/\" class=\"elementor-button-link elementor-button elementor-size-md\" role=\"button\">\n\t\t\t\t\t\t<span class=\"elementor-button-content-wrapper\">\n\t\t\t\t\t\t<span class=\"elementor-button-icon elementor-align-icon-right\">\n\t\t\t\t<i aria-hidden=\"true\" class=\"fas fa-arrow-left\"><\/i>\t\t\t<\/span>\n\t\t\t\t\t\t<span class=\"elementor-button-text\">BACK<\/span>\n\t\t<\/span>\n\t\t\t\t\t<\/a>\n\t\t<\/div>\n\t\t\t\t<\/div>\n\t\t\t\t<\/div>\n\t\t\t\t\t\t<\/div>\n\t\t\t\t\t<\/div>\n\t\t<\/div>\n\t\t\t\t<div class=\"elementor-column elementor-col-50 elementor-top-column elementor-element elementor-element-26ddf72f\" data-id=\"26ddf72f\" data-element_type=\"column\">\n\t\t\t<div class=\"elementor-column-wrap elementor-element-populated\">\n\t\t\t\t\t\t\t<div class=\"elementor-widget-wrap\">\n\t\t\t\t\t\t<div class=\"elementor-element elementor-element-8051fb1 elementor-arrows-position-inside elementor-pagination-position-outside elementor-widget elementor-widget-image-carousel\" data-id=\"8051fb1\" data-element_type=\"widget\" data-settings=\"{&quot;slides_to_show&quot;:&quot;1&quot;,&quot;navigation&quot;:&quot;both&quot;,&quot;autoplay&quot;:&quot;yes&quot;,&quot;pause_on_hover&quot;:&quot;yes&quot;,&quot;pause_on_interaction&quot;:&quot;yes&quot;,&quot;autoplay_speed&quot;:5000,&quot;infinite&quot;:&quot;yes&quot;,&quot;effect&quot;:&quot;slide&quot;,&quot;speed&quot;:500}\" data-widget_type=\"image-carousel.default\">\n\t\t\t\t<div class=\"elementor-widget-container\">\n\t\t\t\t\t<div class=\"elementor-image-carousel-wrapper swiper-container\" dir=\"ltr\">\n\t\t\t<div class=\"elementor-image-carousel swiper-wrapper swiper-image-stretch\">\n\t\t\t\t<div class=\"swiper-slide\"><figure class=\"swiper-slide-inner\"><img class=\"swiper-slide-image\" src=\"https:\/\/activosfijos.net\/wp-content\/uploads\/2019\/11\/claro05.jpg\" alt=\"claro05\" \/><\/figure><\/div><div class=\"swiper-slide\"><figure class=\"swiper-slide-inner\"><img class=\"swiper-slide-image\" src=\"https:\/\/activosfijos.net\/wp-content\/uploads\/2019\/11\/claro01.jpg\" alt=\"claro01\" \/><\/figure><\/div><div class=\"swiper-slide\"><figure class=\"swiper-slide-inner\"><img class=\"swiper-slide-image\" src=\"https:\/\/activosfijos.net\/wp-content\/uploads\/2019\/11\/claro02.jpg\" alt=\"claro02\" \/><\/figure><\/div><div class=\"swiper-slide\"><figure class=\"swiper-slide-inner\"><img class=\"swiper-slide-image\" src=\"https:\/\/activosfijos.net\/wp-content\/uploads\/2019\/11\/claro044.jpg\" alt=\"claro044\" \/><\/figure><\/div><div class=\"swiper-slide\"><figure class=\"swiper-slide-inner\"><img class=\"swiper-slide-image\" src=\"https:\/\/activosfijos.net\/wp-content\/uploads\/2019\/11\/claro03.jpg\" alt=\"claro03\" \/><\/figure><\/div>\t\t\t<\/div>\n\t\t\t\t\t\t\t\t\t\t\t\t<div class=\"swiper-pagination\"><\/div>\n\t\t\t\t\t\t\t\t\t\t\t\t\t<div class=\"elementor-swiper-button elementor-swiper-button-prev\">\n\t\t\t\t\t\t<i class=\"eicon-chevron-left\" aria-hidden=\"true\"><\/i>\n\t\t\t\t\t\t<span class=\"elementor-screen-only\">Previous<\/span>\n\t\t\t\t\t<\/div>\n\t\t\t\t\t<div class=\"elementor-swiper-button elementor-swiper-button-next\">\n\t\t\t\t\t\t<i class=\"eicon-chevron-right\" aria-hidden=\"true\"><\/i>\n\t\t\t\t\t\t<span class=\"elementor-screen-only\">Next<\/span>\n\t\t\t\t\t<\/div>\n\t\t\t\t\t\t\t\t\t<\/div>\n\t\t\t\t<\/div>\n\t\t\t\t<\/div>\n\t\t\t\t\t\t<\/div>\n\t\t\t\t\t<\/div>\n\t\t<\/div>\n\t\t\t\t\t\t\t\t<\/div>\n\t\t\t\t\t<\/div>\n\t\t<\/section>\n\t\t\t\t\t\t<\/div>\n\t\t\t\t\t\t<\/div>\n\t\t\t\t\t<\/div>","protected":false},"excerpt":{"rendered":"<p>Claro CLARO\u00a0es una empresa de comunicaciones subsidiaria al 100% de Am\u00e9rica M\u00f3vil, S.A.B. de C.V., el proveedor l\u00edder de servicios inal\u00e1mbricos en Am\u00e9rica Latina con operaciones en 18 pa\u00edses del continente americano. Am\u00e9rica M\u00f3vil opera bajo la marca Claro en 15 pa\u00edses: Argentina, Brasil, Chile, Per\u00fa, Puerto Rico, Rep\u00fablica Dominicana, Ecuador, El Salvador, Jamaica, Guatemala,<br \/><a href=\"https:\/\/activosfijos.net\/en\/claro-telefonia-rfid\/\" class=\"more\">Read more<\/a><\/p>","protected":false},"author":1,"featured_media":0,"parent":0,"menu_order":0,"comment_status":"closed","ping_status":"closed","template":"","meta":[],"_links":{"self":[{"href":"https:\/\/activosfijos.net\/en\/wp-json\/wp\/v2\/pages\/1287"}],"collection":[{"href":"https:\/\/activosfijos.net\/en\/wp-json\/wp\/v2\/pages"}],"about":[{"href":"https:\/\/activosfijos.net\/en\/wp-json\/wp\/v2\/types\/page"}],"author":[{"embeddable":true,"href":"https:\/\/activosfijos.net\/en\/wp-json\/wp\/v2\/users\/1"}],"replies":[{"embeddable":true,"href":"https:\/\/activosfijos.net\/en\/wp-json\/wp\/v2\/comments?post=1287"}],"version-history":[{"count":8,"href":"https:\/\/activosfijos.net\/en\/wp-json\/wp\/v2\/pages\/1287\/revisions"}],"predecessor-version":[{"id":1397,"href":"https:\/\/activosfijos.net\/en\/wp-json\/wp\/v2\/pages\/1287\/revisions\/1397"}],"wp:attachment":[{"href":"https:\/\/activosfijos.net\/en\/wp-json\/wp\/v2\/media?parent=1287"}],"curies":[{"name":"wp","href":"https:\/\/api.w.org\/{rel}","templated":true}]}}